{"id":26,"date":"2024-10-04T20:06:51","date_gmt":"2024-10-04T18:06:51","guid":{"rendered":"http:\/\/lemedecintraitant.fr\/?page_id=26"},"modified":"2024-10-04T21:29:52","modified_gmt":"2024-10-04T19:29:52","slug":"accueil","status":"publish","type":"page","link":"https:\/\/lemedecintraitant.fr\/","title":{"rendered":"Accueil"},"content":{"rendered":"\n<p>Bienvenue \u00e0 tous ! <\/p>\n\n\n\n<p><\/p>\n\n\n\n<p>Si vous pensez que :<\/p>\n\n\n\n<div class=\"wp-block-group\"><div class=\"wp-block-group__inner-container is-layout-constrained wp-block-group-is-layout-constrained\">\n<div class=\"wp-block-columns are-vertically-aligned-top is-layout-flex wp-container-core-columns-is-layout-9d6595d7 wp-block-columns-is-layout-flex\">\n<div class=\"wp-block-column is-vertically-aligned-top is-layout-flow wp-block-column-is-layout-flow\" style=\"flex-basis:100%\">\n<div class=\"wp-block-group\"><div class=\"wp-block-group__inner-container is-layout-constrained wp-block-group-is-layout-constrained\">\n<div class=\"wp-block-group\"><div class=\"wp-block-group__inner-container is-layout-constrained wp-block-group-is-layout-constrained\">\n<div class=\"wp-block-columns is-layout-flex wp-container-core-columns-is-layout-9d6595d7 wp-block-columns-is-layout-flex\">\n<div class=\"wp-block-column is-layout-flow wp-block-column-is-layout-flow\" style=\"flex-basis:50%\">\n<ul class=\"wp-block-list\">\n<li>le m\u00e9decin traitant est essentiel dans la prise en charge de patients avec des pathologies de plus en plus complexes<\/li>\n<\/ul>\n\n\n\n<ul class=\"wp-block-list\">\n<li>le m\u00e9decin traitant peut dispara\u00eetre au profit d&rsquo;une m\u00e9decin protocolis\u00e9e, automatis\u00e9e, impersonnelle<\/li>\n<\/ul>\n\n\n\n<p><\/p>\n\n\n\n<ul class=\"wp-block-list\">\n<li>le m\u00e9decin traitant est le maillon fort, sans lui le syst\u00e8me de sant\u00e9 changera compl\u00e8tement<\/li>\n<\/ul>\n<\/div>\n\n\n\n<div class=\"wp-block-column is-layout-flow wp-block-column-is-layout-flow\" style=\"flex-basis:50%\">\n<ul class=\"wp-block-list\">\n<li>le lien cr\u00e9\u00e9 par le m\u00e9decin traitant avec son patient est unique et puissant<\/li>\n\n\n\n<li>la relation entre le m\u00e9decin traitant et son patient est la garantie d&rsquo;un soin de qualit\u00e9<\/li>\n\n\n\n<li>le m\u00e9decin traitant a besoin de temps pour \u00e9tablir une relation forte avec son patient<\/li>\n\n\n\n<li>les pressions exerc\u00e9es pour que le temps pass\u00e9 avec son patient diminue pour am\u00e9liorer le rendement de la m\u00e9decine de ville sont insupportables<\/li>\n\n\n\n<li>le m\u00e9decin traitant sait ce qu&rsquo;il faut pour bien soigner<\/li>\n<\/ul>\n<\/div>\n<\/div>\n<\/div><\/div>\n<\/div><\/div>\n<\/div>\n<\/div>\n<\/div><\/div>\n\n\n\n<p><\/p>\n","protected":false},"excerpt":{"rendered":"<p>Bienvenue \u00e0 tous ! Si vous pensez que :<\/p>\n","protected":false},"author":1,"featured_media":0,"parent":0,"menu_order":0,"comment_status":"closed","ping_status":"closed","template":"","meta":{"footnotes":""},"class_list":["post-26","page","type-page","status-publish","hentry"],"_links":{"self":[{"href":"https:\/\/lemedecintraitant.fr\/index.php\/wp-json\/wp\/v2\/pages\/26","targetHints":{"allow":["GET"]}}],"collection":[{"href":"https:\/\/lemedecintraitant.fr\/index.php\/wp-json\/wp\/v2\/pages"}],"about":[{"href":"https:\/\/lemedecintraitant.fr\/index.php\/wp-json\/wp\/v2\/types\/page"}],"author":[{"embeddable":true,"href":"https:\/\/lemedecintraitant.fr\/index.php\/wp-json\/wp\/v2\/users\/1"}],"replies":[{"embeddable":true,"href":"https:\/\/lemedecintraitant.fr\/index.php\/wp-json\/wp\/v2\/comments?post=26"}],"version-history":[{"count":3,"href":"https:\/\/lemedecintraitant.fr\/index.php\/wp-json\/wp\/v2\/pages\/26\/revisions"}],"predecessor-version":[{"id":51,"href":"https:\/\/lemedecintraitant.fr\/index.php\/wp-json\/wp\/v2\/pages\/26\/revisions\/51"}],"wp:attachment":[{"href":"https:\/\/lemedecintraitant.fr\/index.php\/wp-json\/wp\/v2\/media?parent=26"}],"curies":[{"name":"wp","href":"https:\/\/api.w.org\/{rel}","templated":true}]}}